{"id":20,"date":"2014-06-07T19:56:19","date_gmt":"2014-06-07T17:56:19","guid":{"rendered":"http:\/\/sindikatpolicijeks.co.ba\/v3\/?page_id=20"},"modified":"2026-03-30T12:29:13","modified_gmt":"2026-03-30T10:29:13","slug":"dokumenti","status":"publish","type":"page","link":"https:\/\/sindikatpolicijeks.co.ba\/?page_id=20","title":{"rendered":"Dokumenti"},"content":{"rendered":"<ol>\n<li><a href=\"https:\/\/sindikatpolicijeks.co.ba\/v3\/wp-content\/uploads\/2025\/03\/IZJAVA-PRISTUPNICA-sindikatu.pdf\" target=\"_blank\" rel=\"noopener noreferrer\">Pristupnica Sindikatu<\/a>\u00a0 \u00a0 \u00a0 \u00a0 \u00a0 \u00a0 \u00a0 \u00a0 \u00a0 \u00a0 \u00a0 \u00a0 \u00a0 \u00a0 \u00a0 \u00a0&#8211;\u00a0 \u00a0 <a href=\"https:\/\/sindikatpolicijeks.co.ba\/v3\/wp-content\/uploads\/2025\/03\/IZJAVA-PRISTUPNICA-sindikatu.doc\">word dokument<\/a><\/li>\n<li><a href=\"https:\/\/sindikatpolicijeks.co.ba\/v3\/wp-content\/uploads\/2026\/03\/Zahtjev-za-fin-pomoc-2026.pdf\" target=\"_blank\" rel=\"noopener noreferrer\">Zahtjev za finansijsku pomo\u0107 2026. <\/a>\u00a0 \u00a0 \u00a0&#8211;\u00a0 \u00a0 <a href=\"https:\/\/sindikatpolicijeks.co.ba\/v3\/wp-content\/uploads\/2026\/03\/Zahtjev-za-fin-pomoc-2026.doc\">word dokument<\/a><\/li>\n<li><a href=\"https:\/\/sindikatpolicijeks.co.ba\/v3\/wp-content\/uploads\/2025\/03\/ZAHTJEV-za-novcanu-pozajmicu-2025.pdf\" target=\"_blank\" rel=\"noopener noreferrer\">Zahtjev za nov\u010danu pozajmicu 2025. <\/a>\u00a0 \u00a0&#8211;\u00a0 \u00a0 <a href=\"https:\/\/sindikatpolicijeks.co.ba\/v3\/wp-content\/uploads\/2025\/03\/ZAHTJEV-za-novcanu-pozajmicu-2025.doc\">word dokument<\/a><\/li>\n<li><a href=\"https:\/\/sindikatpolicijeks.co.ba\/v3\/wp-content\/uploads\/2026\/03\/PRAVILNIK-O-KOR.-FIN.-SRED-66-2026.pdf\">Pravilnik o kori\u0161tenju finansijskih sredstava<\/a><\/li>\n<li><a href=\"https:\/\/sindikatpolicijeks.co.ba\/v3\/wp-content\/uploads\/2021\/06\/Poslovnik-o-radu-SKUPSTINE-SPKS-10.06.2021.pdf\">Poslovnik o radu Skup\u0161tine<\/a><\/li>\n<li><a href=\"https:\/\/sindikatpolicijeks.co.ba\/v3\/wp-content\/uploads\/2021\/08\/POSLOVNIK-O-RADU-UO-SPKS-2021.pdf\">Poslovnik o radu Upravnog odbora<\/a><\/li>\n<li><a href=\"https:\/\/sindikatpolicijeks.co.ba\/v3\/wp-content\/uploads\/2020\/03\/POSLOVNIK-O-RADU-NO-SPKS-2019.pdf\">Poslovnik o radu Nadzornog odbora<\/a><\/li>\n<li><a style=\"color: #000099;\" href=\"https:\/\/sindikatpolicijeks.co.ba\/v3\/wp-content\/uploads\/2023\/07\/StatutSPKS.pdf\" target=\"_blank\" rel=\"noopener\">Statut<\/a><\/li>\n<\/ol>\n<ol>\n<li style=\"color: #000000;\"><a href=\"https:\/\/sindikatpolicijeks.co.ba\/v3\/wp-content\/uploads\/2024\/02\/KU_policija_2024.pdf\">Kolektivni ugovor policija<\/a><\/li>\n<li><a href=\"https:\/\/www.sufbih.ba\/wp-content\/uploads\/2023\/12\/Kolektivni-Ugovor-FBIH-2023-.pdf\" target=\"_blank\" rel=\"noopener noreferrer\">Kolektivni ugovor slu\u017ebenici organa uprave FBiH<\/a><\/li>\n<li><a href=\"https:\/\/sindikatpolicijeks.co.ba\/v3\/wp-content\/uploads\/2023\/12\/Kolektivni_ugovor_DSN_2023.pdf\">Kolektivni ugovor za dr\u017eavne slu\u017ebenike i namje\u0161tenike u organima dr\u017eavne slu\u017ebe KS<\/a><\/li>\n<\/ol>\n\n\n<p><\/p>\n","protected":false},"excerpt":{"rendered":"<p>Pristupnica Sindikatu\u00a0 \u00a0 \u00a0 \u00a0 \u00a0 \u00a0 \u00a0 \u00a0 \u00a0 \u00a0 \u00a0 \u00a0 \u00a0 \u00a0 \u00a0 \u00a0&#8211;\u00a0 \u00a0 word dokument Zahtjev za finansijsku pomo\u0107 2026. \u00a0 \u00a0 \u00a0&#8211;\u00a0 \u00a0 word dokument Zahtjev za nov\u010danu pozajmicu 2025. \u00a0 \u00a0&#8211;\u00a0 \u00a0 word &hellip; <a href=\"https:\/\/sindikatpolicijeks.co.ba\/?page_id=20\">Nastavi \u010ditati <span class=\"meta-nav\">&rarr;<\/span><\/a><\/p>\n","protected":false},"author":2,"featured_media":0,"parent":0,"menu_order":0,"comment_status":"closed","ping_status":"closed","template":"","meta":{"footnotes":""},"class_list":["post-20","page","type-page","status-publish","hentry"],"_links":{"self":[{"href":"https:\/\/sindikatpolicijeks.co.ba\/index.php?rest_route=\/wp\/v2\/pages\/20","targetHints":{"allow":["GET"]}}],"collection":[{"href":"https:\/\/sindikatpolicijeks.co.ba\/index.php?rest_route=\/wp\/v2\/pages"}],"about":[{"href":"https:\/\/sindikatpolicijeks.co.ba\/index.php?rest_route=\/wp\/v2\/types\/page"}],"author":[{"embeddable":true,"href":"https:\/\/sindikatpolicijeks.co.ba\/index.php?rest_route=\/wp\/v2\/users\/2"}],"replies":[{"embeddable":true,"href":"https:\/\/sindikatpolicijeks.co.ba\/index.php?rest_route=%2Fwp%2Fv2%2Fcomments&post=20"}],"version-history":[{"count":43,"href":"https:\/\/sindikatpolicijeks.co.ba\/index.php?rest_route=\/wp\/v2\/pages\/20\/revisions"}],"predecessor-version":[{"id":2747,"href":"https:\/\/sindikatpolicijeks.co.ba\/index.php?rest_route=\/wp\/v2\/pages\/20\/revisions\/2747"}],"wp:attachment":[{"href":"https:\/\/sindikatpolicijeks.co.ba\/index.php?rest_route=%2Fwp%2Fv2%2Fmedia&parent=20"}],"curies":[{"name":"wp","href":"https:\/\/api.w.org\/{rel}","templated":true}]}}